{"id":1101,"date":"2025-05-09T17:16:12","date_gmt":"2025-05-09T17:16:12","guid":{"rendered":"https:\/\/glowupguarda.pt\/?post_type=product&#038;p=1101"},"modified":"2025-05-16T13:18:49","modified_gmt":"2025-05-16T13:18:49","slug":"creme-hidratante-acetinado-lily-lumiere","status":"publish","type":"product","link":"https:\/\/glowupguarda.pt\/index.php\/produto\/creme-hidratante-acetinado-lily-lumiere\/","title":{"rendered":"Creme Hidratante Acetinado Lily Lumi\u00e8re"},"content":{"rendered":"<p>O Creme Acetinado Lily Lumi\u00e8re tem um toque aveludado e um delicioso perfume marcante que dura o dia inteiro. A marca Lily revela fragr\u00e2ncias que valorizam a riqueza e a tradi\u00e7\u00e3o cl\u00e1ssica da perfumaria, extraindo a fragr\u00e2ncia da Flor de L\u00edrio atrav\u00e9s da antiga t\u00e9cnica enfleurage, um processo artesanal que traduz com fidelidade as melhores notas dos l\u00edrios rec\u00e9m colhidos, criando a fragr\u00e2ncia \u00fanica de Lily.<br \/>\nComposto por manteiga de Karit\u00e9 e Vitamina E, o Creme Hidratante Acetinado para mulher Lily Lumi\u00e8re \u00e9 a combina\u00e7\u00e3o perfeita entre uma fragr\u00e2ncia intensa e prolongada e uma pele protegida e hidratada at\u00e9 48 horas. Com uma textura macia que desliza facilmente na pele.<\/p>\n","protected":false},"excerpt":{"rendered":"<p>O Creme Acetinado Lily Lumi\u00e8re tem um toque aveludado e um delicioso perfume marcante que dura o dia inteiro. A marca Lily revela fragr\u00e2ncias que valorizam<span class=\"excerpt-hellip\"> [\u2026]<\/span><\/p>\n","protected":false},"featured_media":1099,"comment_status":"open","ping_status":"closed","template":"","meta":[],"product_brand":[],"product_cat":[120],"product_tag":[],"class_list":{"0":"post-1101","1":"product","2":"type-product","3":"status-publish","4":"has-post-thumbnail","6":"product_cat-cosmeticos","8":"first","9":"instock","10":"shipping-taxable","11":"purchasable","12":"product-type-simple"},"yoast_head":"<!-- This site is optimized with the Yoast SEO plugin v26.2 - https:\/\/yoast.com\/wordpress\/plugins\/seo\/ -->\n<title>Creme Hidratante Acetinado Lily Lumi\u00e8re - GlowUP<\/title>\n<meta name=\"robots\" content=\"index, follow, max-snippet:-1, max-image-preview:large, max-video-preview:-1\" \/>\n<link rel=\"canonical\" href=\"https:\/\/glowupguarda.pt\/index.php\/produto\/creme-hidratante-acetinado-lily-lumiere\/\" \/>\n<meta property=\"og:locale\" content=\"pt_PT\" \/>\n<meta property=\"og:type\" content=\"article\" \/>\n<meta property=\"og:title\" content=\"Creme Hidratante Acetinado Lily Lumi\u00e8re - GlowUP\" \/>\n<meta property=\"og:description\" content=\"O Creme Acetinado Lily Lumi\u00e8re tem um toque aveludado e um delicioso perfume marcante que dura o dia inteiro. A marca Lily revela fragr\u00e2ncias que valorizam [\u2026]\" \/>\n<meta property=\"og:url\" content=\"https:\/\/glowupguarda.pt\/index.php\/produto\/creme-hidratante-acetinado-lily-lumiere\/\" \/>\n<meta property=\"og:site_name\" content=\"GlowUP\" \/>\n<meta property=\"article:modified_time\" content=\"2025-05-16T13:18:49+00:00\" \/>\n<meta property=\"og:image\" content=\"https:\/\/glowupguarda.pt\/wp-content\/uploads\/2025\/05\/foto-site-acetinado.jpg\" \/>\n\t<meta property=\"og:image:width\" content=\"1080\" \/>\n\t<meta property=\"og:image:height\" content=\"1336\" \/>\n\t<meta property=\"og:image:type\" content=\"image\/jpeg\" \/>\n<meta name=\"twitter:card\" content=\"summary_large_image\" \/>\n<meta name=\"twitter:label1\" content=\"Tempo estimado de leitura\" \/>\n\t<meta name=\"twitter:data1\" content=\"1 minuto\" \/>\n<script type=\"application\/ld+json\" class=\"yoast-schema-graph\">{\"@context\":\"https:\/\/schema.org\",\"@graph\":[{\"@type\":\"WebPage\",\"@id\":\"https:\/\/glowupguarda.pt\/index.php\/produto\/creme-hidratante-acetinado-lily-lumiere\/\",\"url\":\"https:\/\/glowupguarda.pt\/index.php\/produto\/creme-hidratante-acetinado-lily-lumiere\/\",\"name\":\"Creme Hidratante Acetinado Lily Lumi\u00e8re - GlowUP\",\"isPartOf\":{\"@id\":\"https:\/\/glowupguarda.pt\/#website\"},\"primaryImageOfPage\":{\"@id\":\"https:\/\/glowupguarda.pt\/index.php\/produto\/creme-hidratante-acetinado-lily-lumiere\/#primaryimage\"},\"image\":{\"@id\":\"https:\/\/glowupguarda.pt\/index.php\/produto\/creme-hidratante-acetinado-lily-lumiere\/#primaryimage\"},\"thumbnailUrl\":\"https:\/\/glowupguarda.pt\/wp-content\/uploads\/2025\/05\/foto-site-acetinado.jpg\",\"datePublished\":\"2025-05-09T17:16:12+00:00\",\"dateModified\":\"2025-05-16T13:18:49+00:00\",\"breadcrumb\":{\"@id\":\"https:\/\/glowupguarda.pt\/index.php\/produto\/creme-hidratante-acetinado-lily-lumiere\/#breadcrumb\"},\"inLanguage\":\"pt-PT\",\"potentialAction\":[{\"@type\":\"ReadAction\",\"target\":[\"https:\/\/glowupguarda.pt\/index.php\/produto\/creme-hidratante-acetinado-lily-lumiere\/\"]}]},{\"@type\":\"ImageObject\",\"inLanguage\":\"pt-PT\",\"@id\":\"https:\/\/glowupguarda.pt\/index.php\/produto\/creme-hidratante-acetinado-lily-lumiere\/#primaryimage\",\"url\":\"https:\/\/glowupguarda.pt\/wp-content\/uploads\/2025\/05\/foto-site-acetinado.jpg\",\"contentUrl\":\"https:\/\/glowupguarda.pt\/wp-content\/uploads\/2025\/05\/foto-site-acetinado.jpg\",\"width\":1080,\"height\":1336},{\"@type\":\"BreadcrumbList\",\"@id\":\"https:\/\/glowupguarda.pt\/index.php\/produto\/creme-hidratante-acetinado-lily-lumiere\/#breadcrumb\",\"itemListElement\":[{\"@type\":\"ListItem\",\"position\":1,\"name\":\"In\u00edcio\",\"item\":\"https:\/\/glowupguarda.pt\/\"},{\"@type\":\"ListItem\",\"position\":2,\"name\":\"Loja\",\"item\":\"https:\/\/glowupguarda.pt\/index.php\/shop-2\/\"},{\"@type\":\"ListItem\",\"position\":3,\"name\":\"Creme Hidratante Acetinado Lily Lumi\u00e8re\"}]},{\"@type\":\"WebSite\",\"@id\":\"https:\/\/glowupguarda.pt\/#website\",\"url\":\"https:\/\/glowupguarda.pt\/\",\"name\":\"GlowUP\",\"description\":\"\",\"publisher\":{\"@id\":\"https:\/\/glowupguarda.pt\/#organization\"},\"potentialAction\":[{\"@type\":\"SearchAction\",\"target\":{\"@type\":\"EntryPoint\",\"urlTemplate\":\"https:\/\/glowupguarda.pt\/?s={search_term_string}\"},\"query-input\":{\"@type\":\"PropertyValueSpecification\",\"valueRequired\":true,\"valueName\":\"search_term_string\"}}],\"inLanguage\":\"pt-PT\"},{\"@type\":\"Organization\",\"@id\":\"https:\/\/glowupguarda.pt\/#organization\",\"name\":\"GlowUP\",\"url\":\"https:\/\/glowupguarda.pt\/\",\"logo\":{\"@type\":\"ImageObject\",\"inLanguage\":\"pt-PT\",\"@id\":\"https:\/\/glowupguarda.pt\/#\/schema\/logo\/image\/\",\"url\":\"https:\/\/glowupguarda.pt\/wp-content\/uploads\/2025\/05\/cropped-Logo\u0301tipo-Glow-UP-3-1-e1747144379148.jpg\",\"contentUrl\":\"https:\/\/glowupguarda.pt\/wp-content\/uploads\/2025\/05\/cropped-Logo\u0301tipo-Glow-UP-3-1-e1747144379148.jpg\",\"width\":140,\"height\":41,\"caption\":\"GlowUP\"},\"image\":{\"@id\":\"https:\/\/glowupguarda.pt\/#\/schema\/logo\/image\/\"}}]}<\/script>\n<!-- \/ Yoast SEO plugin. -->","yoast_head_json":{"title":"Creme Hidratante Acetinado Lily Lumi\u00e8re - GlowUP","robots":{"index":"index","follow":"follow","max-snippet":"max-snippet:-1","max-image-preview":"max-image-preview:large","max-video-preview":"max-video-preview:-1"},"canonical":"https:\/\/glowupguarda.pt\/index.php\/produto\/creme-hidratante-acetinado-lily-lumiere\/","og_locale":"pt_PT","og_type":"article","og_title":"Creme Hidratante Acetinado Lily Lumi\u00e8re - GlowUP","og_description":"O Creme Acetinado Lily Lumi\u00e8re tem um toque aveludado e um delicioso perfume marcante que dura o dia inteiro. A marca Lily revela fragr\u00e2ncias que valorizam [\u2026]","og_url":"https:\/\/glowupguarda.pt\/index.php\/produto\/creme-hidratante-acetinado-lily-lumiere\/","og_site_name":"GlowUP","article_modified_time":"2025-05-16T13:18:49+00:00","og_image":[{"width":1080,"height":1336,"url":"https:\/\/glowupguarda.pt\/wp-content\/uploads\/2025\/05\/foto-site-acetinado.jpg","type":"image\/jpeg"}],"twitter_card":"summary_large_image","twitter_misc":{"Tempo estimado de leitura":"1 minuto"},"schema":{"@context":"https:\/\/schema.org","@graph":[{"@type":"WebPage","@id":"https:\/\/glowupguarda.pt\/index.php\/produto\/creme-hidratante-acetinado-lily-lumiere\/","url":"https:\/\/glowupguarda.pt\/index.php\/produto\/creme-hidratante-acetinado-lily-lumiere\/","name":"Creme Hidratante Acetinado Lily Lumi\u00e8re - GlowUP","isPartOf":{"@id":"https:\/\/glowupguarda.pt\/#website"},"primaryImageOfPage":{"@id":"https:\/\/glowupguarda.pt\/index.php\/produto\/creme-hidratante-acetinado-lily-lumiere\/#primaryimage"},"image":{"@id":"https:\/\/glowupguarda.pt\/index.php\/produto\/creme-hidratante-acetinado-lily-lumiere\/#primaryimage"},"thumbnailUrl":"https:\/\/glowupguarda.pt\/wp-content\/uploads\/2025\/05\/foto-site-acetinado.jpg","datePublished":"2025-05-09T17:16:12+00:00","dateModified":"2025-05-16T13:18:49+00:00","breadcrumb":{"@id":"https:\/\/glowupguarda.pt\/index.php\/produto\/creme-hidratante-acetinado-lily-lumiere\/#breadcrumb"},"inLanguage":"pt-PT","potentialAction":[{"@type":"ReadAction","target":["https:\/\/glowupguarda.pt\/index.php\/produto\/creme-hidratante-acetinado-lily-lumiere\/"]}]},{"@type":"ImageObject","inLanguage":"pt-PT","@id":"https:\/\/glowupguarda.pt\/index.php\/produto\/creme-hidratante-acetinado-lily-lumiere\/#primaryimage","url":"https:\/\/glowupguarda.pt\/wp-content\/uploads\/2025\/05\/foto-site-acetinado.jpg","contentUrl":"https:\/\/glowupguarda.pt\/wp-content\/uploads\/2025\/05\/foto-site-acetinado.jpg","width":1080,"height":1336},{"@type":"BreadcrumbList","@id":"https:\/\/glowupguarda.pt\/index.php\/produto\/creme-hidratante-acetinado-lily-lumiere\/#breadcrumb","itemListElement":[{"@type":"ListItem","position":1,"name":"In\u00edcio","item":"https:\/\/glowupguarda.pt\/"},{"@type":"ListItem","position":2,"name":"Loja","item":"https:\/\/glowupguarda.pt\/index.php\/shop-2\/"},{"@type":"ListItem","position":3,"name":"Creme Hidratante Acetinado Lily Lumi\u00e8re"}]},{"@type":"WebSite","@id":"https:\/\/glowupguarda.pt\/#website","url":"https:\/\/glowupguarda.pt\/","name":"GlowUP","description":"","publisher":{"@id":"https:\/\/glowupguarda.pt\/#organization"},"potentialAction":[{"@type":"SearchAction","target":{"@type":"EntryPoint","urlTemplate":"https:\/\/glowupguarda.pt\/?s={search_term_string}"},"query-input":{"@type":"PropertyValueSpecification","valueRequired":true,"valueName":"search_term_string"}}],"inLanguage":"pt-PT"},{"@type":"Organization","@id":"https:\/\/glowupguarda.pt\/#organization","name":"GlowUP","url":"https:\/\/glowupguarda.pt\/","logo":{"@type":"ImageObject","inLanguage":"pt-PT","@id":"https:\/\/glowupguarda.pt\/#\/schema\/logo\/image\/","url":"https:\/\/glowupguarda.pt\/wp-content\/uploads\/2025\/05\/cropped-Logo\u0301tipo-Glow-UP-3-1-e1747144379148.jpg","contentUrl":"https:\/\/glowupguarda.pt\/wp-content\/uploads\/2025\/05\/cropped-Logo\u0301tipo-Glow-UP-3-1-e1747144379148.jpg","width":140,"height":41,"caption":"GlowUP"},"image":{"@id":"https:\/\/glowupguarda.pt\/#\/schema\/logo\/image\/"}}]}},"_links":{"self":[{"href":"https:\/\/glowupguarda.pt\/index.php\/wp-json\/wp\/v2\/product\/1101","targetHints":{"allow":["GET"]}}],"collection":[{"href":"https:\/\/glowupguarda.pt\/index.php\/wp-json\/wp\/v2\/product"}],"about":[{"href":"https:\/\/glowupguarda.pt\/index.php\/wp-json\/wp\/v2\/types\/product"}],"replies":[{"embeddable":true,"href":"https:\/\/glowupguarda.pt\/index.php\/wp-json\/wp\/v2\/comments?post=1101"}],"wp:featuredmedia":[{"embeddable":true,"href":"https:\/\/glowupguarda.pt\/index.php\/wp-json\/wp\/v2\/media\/1099"}],"wp:attachment":[{"href":"https:\/\/glowupguarda.pt\/index.php\/wp-json\/wp\/v2\/media?parent=1101"}],"wp:term":[{"taxonomy":"product_brand","embeddable":true,"href":"https:\/\/glowupguarda.pt\/index.php\/wp-json\/wp\/v2\/product_brand?post=1101"},{"taxonomy":"product_cat","embeddable":true,"href":"https:\/\/glowupguarda.pt\/index.php\/wp-json\/wp\/v2\/product_cat?post=1101"},{"taxonomy":"product_tag","embeddable":true,"href":"https:\/\/glowupguarda.pt\/index.php\/wp-json\/wp\/v2\/product_tag?post=1101"}],"curies":[{"name":"wp","href":"https:\/\/api.w.org\/{rel}","templated":true}]}}