{"id":1097,"date":"2025-05-09T16:35:30","date_gmt":"2025-05-09T16:35:30","guid":{"rendered":"https:\/\/glowupguarda.pt\/?post_type=product&#038;p=1097"},"modified":"2025-05-16T13:18:52","modified_gmt":"2025-05-16T13:18:52","slug":"oleo-corporal-ekos-natura-maracuja","status":"publish","type":"product","link":"https:\/\/glowupguarda.pt\/index.php\/produto\/oleo-corporal-ekos-natura-maracuja\/","title":{"rendered":"\u00d3leo corporal Ekos Natura Maracuj\u00e1"},"content":{"rendered":"<p>Este \u00f3leo trif\u00e1sico \u00e9 formulado com \u00f3leo puro e n\u00e3o refinado de Maracuj\u00e1, rico em \u00e1cidos gordos essenciais e ideal para ajudar a acalmar e reequilibrar a sua pele. A sua textura leve funciona de forma r\u00e1pida e eficaz, formando uma pel\u00edcula protectora que deixa a sua pele aveludada e perfumada com as notas relaxantes e frutadas de Maracuj\u00e1. Ultra pr\u00e1tico, este \u00f3leo pode ser utilizado no duche para um ritual de hidrata\u00e7\u00e3o r\u00e1pida ou na pele seca para uma massagem ou para real\u00e7ar a sua pele.<\/p>\n","protected":false},"excerpt":{"rendered":"<p>Este \u00f3leo trif\u00e1sico \u00e9 formulado com \u00f3leo puro e n\u00e3o refinado de Maracuj\u00e1, rico em \u00e1cidos gordos essenciais e ideal para ajudar a acalmar e reequilibrar<span class=\"excerpt-hellip\"> [\u2026]<\/span><\/p>\n","protected":false},"featured_media":1100,"comment_status":"open","ping_status":"closed","template":"","meta":[],"product_brand":[],"product_cat":[120],"product_tag":[],"class_list":{"0":"post-1097","1":"product","2":"type-product","3":"status-publish","4":"has-post-thumbnail","6":"product_cat-cosmeticos","8":"first","9":"instock","10":"shipping-taxable","11":"purchasable","12":"product-type-simple"},"yoast_head":"<!-- This site is optimized with the Yoast SEO plugin v26.2 - https:\/\/yoast.com\/wordpress\/plugins\/seo\/ -->\n<title>\u00d3leo corporal Ekos Natura Maracuj\u00e1 - GlowUP<\/title>\n<meta name=\"robots\" content=\"index, follow, max-snippet:-1, max-image-preview:large, max-video-preview:-1\" \/>\n<link rel=\"canonical\" href=\"https:\/\/glowupguarda.pt\/index.php\/produto\/oleo-corporal-ekos-natura-maracuja\/\" \/>\n<meta property=\"og:locale\" content=\"pt_PT\" \/>\n<meta property=\"og:type\" content=\"article\" \/>\n<meta property=\"og:title\" content=\"\u00d3leo corporal Ekos Natura Maracuj\u00e1 - GlowUP\" \/>\n<meta property=\"og:description\" content=\"Este \u00f3leo trif\u00e1sico \u00e9 formulado com \u00f3leo puro e n\u00e3o refinado de Maracuj\u00e1, rico em \u00e1cidos gordos essenciais e ideal para ajudar a acalmar e reequilibrar [\u2026]\" \/>\n<meta property=\"og:url\" content=\"https:\/\/glowupguarda.pt\/index.php\/produto\/oleo-corporal-ekos-natura-maracuja\/\" \/>\n<meta property=\"og:site_name\" content=\"GlowUP\" \/>\n<meta property=\"article:modified_time\" content=\"2025-05-16T13:18:52+00:00\" \/>\n<meta property=\"og:image\" content=\"https:\/\/glowupguarda.pt\/wp-content\/uploads\/2025\/05\/foto-site-oleo.jpg\" \/>\n\t<meta property=\"og:image:width\" content=\"1080\" \/>\n\t<meta property=\"og:image:height\" content=\"1074\" \/>\n\t<meta property=\"og:image:type\" content=\"image\/jpeg\" \/>\n<meta name=\"twitter:card\" content=\"summary_large_image\" \/>\n<script type=\"application\/ld+json\" class=\"yoast-schema-graph\">{\"@context\":\"https:\/\/schema.org\",\"@graph\":[{\"@type\":\"WebPage\",\"@id\":\"https:\/\/glowupguarda.pt\/index.php\/produto\/oleo-corporal-ekos-natura-maracuja\/\",\"url\":\"https:\/\/glowupguarda.pt\/index.php\/produto\/oleo-corporal-ekos-natura-maracuja\/\",\"name\":\"\u00d3leo corporal Ekos Natura Maracuj\u00e1 - GlowUP\",\"isPartOf\":{\"@id\":\"https:\/\/glowupguarda.pt\/#website\"},\"primaryImageOfPage\":{\"@id\":\"https:\/\/glowupguarda.pt\/index.php\/produto\/oleo-corporal-ekos-natura-maracuja\/#primaryimage\"},\"image\":{\"@id\":\"https:\/\/glowupguarda.pt\/index.php\/produto\/oleo-corporal-ekos-natura-maracuja\/#primaryimage\"},\"thumbnailUrl\":\"https:\/\/glowupguarda.pt\/wp-content\/uploads\/2025\/05\/foto-site-oleo.jpg\",\"datePublished\":\"2025-05-09T16:35:30+00:00\",\"dateModified\":\"2025-05-16T13:18:52+00:00\",\"breadcrumb\":{\"@id\":\"https:\/\/glowupguarda.pt\/index.php\/produto\/oleo-corporal-ekos-natura-maracuja\/#breadcrumb\"},\"inLanguage\":\"pt-PT\",\"potentialAction\":[{\"@type\":\"ReadAction\",\"target\":[\"https:\/\/glowupguarda.pt\/index.php\/produto\/oleo-corporal-ekos-natura-maracuja\/\"]}]},{\"@type\":\"ImageObject\",\"inLanguage\":\"pt-PT\",\"@id\":\"https:\/\/glowupguarda.pt\/index.php\/produto\/oleo-corporal-ekos-natura-maracuja\/#primaryimage\",\"url\":\"https:\/\/glowupguarda.pt\/wp-content\/uploads\/2025\/05\/foto-site-oleo.jpg\",\"contentUrl\":\"https:\/\/glowupguarda.pt\/wp-content\/uploads\/2025\/05\/foto-site-oleo.jpg\",\"width\":1080,\"height\":1074},{\"@type\":\"BreadcrumbList\",\"@id\":\"https:\/\/glowupguarda.pt\/index.php\/produto\/oleo-corporal-ekos-natura-maracuja\/#breadcrumb\",\"itemListElement\":[{\"@type\":\"ListItem\",\"position\":1,\"name\":\"In\u00edcio\",\"item\":\"https:\/\/glowupguarda.pt\/\"},{\"@type\":\"ListItem\",\"position\":2,\"name\":\"Loja\",\"item\":\"https:\/\/glowupguarda.pt\/index.php\/shop-2\/\"},{\"@type\":\"ListItem\",\"position\":3,\"name\":\"\u00d3leo corporal Ekos Natura Maracuj\u00e1\"}]},{\"@type\":\"WebSite\",\"@id\":\"https:\/\/glowupguarda.pt\/#website\",\"url\":\"https:\/\/glowupguarda.pt\/\",\"name\":\"GlowUP\",\"description\":\"\",\"publisher\":{\"@id\":\"https:\/\/glowupguarda.pt\/#organization\"},\"potentialAction\":[{\"@type\":\"SearchAction\",\"target\":{\"@type\":\"EntryPoint\",\"urlTemplate\":\"https:\/\/glowupguarda.pt\/?s={search_term_string}\"},\"query-input\":{\"@type\":\"PropertyValueSpecification\",\"valueRequired\":true,\"valueName\":\"search_term_string\"}}],\"inLanguage\":\"pt-PT\"},{\"@type\":\"Organization\",\"@id\":\"https:\/\/glowupguarda.pt\/#organization\",\"name\":\"GlowUP\",\"url\":\"https:\/\/glowupguarda.pt\/\",\"logo\":{\"@type\":\"ImageObject\",\"inLanguage\":\"pt-PT\",\"@id\":\"https:\/\/glowupguarda.pt\/#\/schema\/logo\/image\/\",\"url\":\"https:\/\/glowupguarda.pt\/wp-content\/uploads\/2025\/05\/cropped-Logo\u0301tipo-Glow-UP-3-1-e1747144379148.jpg\",\"contentUrl\":\"https:\/\/glowupguarda.pt\/wp-content\/uploads\/2025\/05\/cropped-Logo\u0301tipo-Glow-UP-3-1-e1747144379148.jpg\",\"width\":140,\"height\":41,\"caption\":\"GlowUP\"},\"image\":{\"@id\":\"https:\/\/glowupguarda.pt\/#\/schema\/logo\/image\/\"}}]}<\/script>\n<!-- \/ Yoast SEO plugin. -->","yoast_head_json":{"title":"\u00d3leo corporal Ekos Natura Maracuj\u00e1 - GlowUP","robots":{"index":"index","follow":"follow","max-snippet":"max-snippet:-1","max-image-preview":"max-image-preview:large","max-video-preview":"max-video-preview:-1"},"canonical":"https:\/\/glowupguarda.pt\/index.php\/produto\/oleo-corporal-ekos-natura-maracuja\/","og_locale":"pt_PT","og_type":"article","og_title":"\u00d3leo corporal Ekos Natura Maracuj\u00e1 - GlowUP","og_description":"Este \u00f3leo trif\u00e1sico \u00e9 formulado com \u00f3leo puro e n\u00e3o refinado de Maracuj\u00e1, rico em \u00e1cidos gordos essenciais e ideal para ajudar a acalmar e reequilibrar [\u2026]","og_url":"https:\/\/glowupguarda.pt\/index.php\/produto\/oleo-corporal-ekos-natura-maracuja\/","og_site_name":"GlowUP","article_modified_time":"2025-05-16T13:18:52+00:00","og_image":[{"width":1080,"height":1074,"url":"https:\/\/glowupguarda.pt\/wp-content\/uploads\/2025\/05\/foto-site-oleo.jpg","type":"image\/jpeg"}],"twitter_card":"summary_large_image","schema":{"@context":"https:\/\/schema.org","@graph":[{"@type":"WebPage","@id":"https:\/\/glowupguarda.pt\/index.php\/produto\/oleo-corporal-ekos-natura-maracuja\/","url":"https:\/\/glowupguarda.pt\/index.php\/produto\/oleo-corporal-ekos-natura-maracuja\/","name":"\u00d3leo corporal Ekos Natura Maracuj\u00e1 - GlowUP","isPartOf":{"@id":"https:\/\/glowupguarda.pt\/#website"},"primaryImageOfPage":{"@id":"https:\/\/glowupguarda.pt\/index.php\/produto\/oleo-corporal-ekos-natura-maracuja\/#primaryimage"},"image":{"@id":"https:\/\/glowupguarda.pt\/index.php\/produto\/oleo-corporal-ekos-natura-maracuja\/#primaryimage"},"thumbnailUrl":"https:\/\/glowupguarda.pt\/wp-content\/uploads\/2025\/05\/foto-site-oleo.jpg","datePublished":"2025-05-09T16:35:30+00:00","dateModified":"2025-05-16T13:18:52+00:00","breadcrumb":{"@id":"https:\/\/glowupguarda.pt\/index.php\/produto\/oleo-corporal-ekos-natura-maracuja\/#breadcrumb"},"inLanguage":"pt-PT","potentialAction":[{"@type":"ReadAction","target":["https:\/\/glowupguarda.pt\/index.php\/produto\/oleo-corporal-ekos-natura-maracuja\/"]}]},{"@type":"ImageObject","inLanguage":"pt-PT","@id":"https:\/\/glowupguarda.pt\/index.php\/produto\/oleo-corporal-ekos-natura-maracuja\/#primaryimage","url":"https:\/\/glowupguarda.pt\/wp-content\/uploads\/2025\/05\/foto-site-oleo.jpg","contentUrl":"https:\/\/glowupguarda.pt\/wp-content\/uploads\/2025\/05\/foto-site-oleo.jpg","width":1080,"height":1074},{"@type":"BreadcrumbList","@id":"https:\/\/glowupguarda.pt\/index.php\/produto\/oleo-corporal-ekos-natura-maracuja\/#breadcrumb","itemListElement":[{"@type":"ListItem","position":1,"name":"In\u00edcio","item":"https:\/\/glowupguarda.pt\/"},{"@type":"ListItem","position":2,"name":"Loja","item":"https:\/\/glowupguarda.pt\/index.php\/shop-2\/"},{"@type":"ListItem","position":3,"name":"\u00d3leo corporal Ekos Natura Maracuj\u00e1"}]},{"@type":"WebSite","@id":"https:\/\/glowupguarda.pt\/#website","url":"https:\/\/glowupguarda.pt\/","name":"GlowUP","description":"","publisher":{"@id":"https:\/\/glowupguarda.pt\/#organization"},"potentialAction":[{"@type":"SearchAction","target":{"@type":"EntryPoint","urlTemplate":"https:\/\/glowupguarda.pt\/?s={search_term_string}"},"query-input":{"@type":"PropertyValueSpecification","valueRequired":true,"valueName":"search_term_string"}}],"inLanguage":"pt-PT"},{"@type":"Organization","@id":"https:\/\/glowupguarda.pt\/#organization","name":"GlowUP","url":"https:\/\/glowupguarda.pt\/","logo":{"@type":"ImageObject","inLanguage":"pt-PT","@id":"https:\/\/glowupguarda.pt\/#\/schema\/logo\/image\/","url":"https:\/\/glowupguarda.pt\/wp-content\/uploads\/2025\/05\/cropped-Logo\u0301tipo-Glow-UP-3-1-e1747144379148.jpg","contentUrl":"https:\/\/glowupguarda.pt\/wp-content\/uploads\/2025\/05\/cropped-Logo\u0301tipo-Glow-UP-3-1-e1747144379148.jpg","width":140,"height":41,"caption":"GlowUP"},"image":{"@id":"https:\/\/glowupguarda.pt\/#\/schema\/logo\/image\/"}}]}},"_links":{"self":[{"href":"https:\/\/glowupguarda.pt\/index.php\/wp-json\/wp\/v2\/product\/1097","targetHints":{"allow":["GET"]}}],"collection":[{"href":"https:\/\/glowupguarda.pt\/index.php\/wp-json\/wp\/v2\/product"}],"about":[{"href":"https:\/\/glowupguarda.pt\/index.php\/wp-json\/wp\/v2\/types\/product"}],"replies":[{"embeddable":true,"href":"https:\/\/glowupguarda.pt\/index.php\/wp-json\/wp\/v2\/comments?post=1097"}],"wp:featuredmedia":[{"embeddable":true,"href":"https:\/\/glowupguarda.pt\/index.php\/wp-json\/wp\/v2\/media\/1100"}],"wp:attachment":[{"href":"https:\/\/glowupguarda.pt\/index.php\/wp-json\/wp\/v2\/media?parent=1097"}],"wp:term":[{"taxonomy":"product_brand","embeddable":true,"href":"https:\/\/glowupguarda.pt\/index.php\/wp-json\/wp\/v2\/product_brand?post=1097"},{"taxonomy":"product_cat","embeddable":true,"href":"https:\/\/glowupguarda.pt\/index.php\/wp-json\/wp\/v2\/product_cat?post=1097"},{"taxonomy":"product_tag","embeddable":true,"href":"https:\/\/glowupguarda.pt\/index.php\/wp-json\/wp\/v2\/product_tag?post=1097"}],"curies":[{"name":"wp","href":"https:\/\/api.w.org\/{rel}","templated":true}]}}